{"id":9,"date":"2016-01-12T16:44:18","date_gmt":"2016-01-12T16:44:18","guid":{"rendered":"https:\/\/www.kreativfejlesztes.hu\/?page_id=9"},"modified":"2016-08-22T11:28:50","modified_gmt":"2016-08-22T11:28:50","slug":"rolam","status":"publish","type":"page","link":"https:\/\/www.kreativfejlesztes.hu\/en\/rolam\/","title":{"rendered":"Introduction"},"content":{"rendered":"<p><strong>Introduction:<\/strong><\/p>\n<p><img loading=\"lazy\" class=\"alignright size-medium wp-image-166\" src=\"https:\/\/www.kreativfejlesztes.hu\/wp-content\/uploads\/2016\/01\/2-300x300.png\" alt=\"2\" width=\"300\" height=\"300\" srcset=\"https:\/\/www.kreativfejlesztes.hu\/wp-content\/uploads\/2016\/01\/2-300x300.png 300w, https:\/\/www.kreativfejlesztes.hu\/wp-content\/uploads\/2016\/01\/2-150x150.png 150w, https:\/\/www.kreativfejlesztes.hu\/wp-content\/uploads\/2016\/01\/2-768x768.png 768w, https:\/\/www.kreativfejlesztes.hu\/wp-content\/uploads\/2016\/01\/2-250x250.png 250w, https:\/\/www.kreativfejlesztes.hu\/wp-content\/uploads\/2016\/01\/2-174x174.png 174w, https:\/\/www.kreativfejlesztes.hu\/wp-content\/uploads\/2016\/01\/2.png 770w\" sizes=\"(max-width: 300px) 100vw, 300px\" \/>My name is Szilvia Moln\u00e1r and I am a Business Coach and HR Consultant.<\/p>\n<p>I have gained experience working with multinational manufacturing companies for nearly 15 years, and have worked as an HR Manager supporting an American Managing Director for several years.<\/p>\n<p>I graduated at the University of Veszpr\u00e9m as an English teacher, then I got my degree in economics at the College of International Management and Business Studies, Budapest.<\/p>\n<p>Later on I have continued my studies in the course of HR Academy training, in order to extend my knowledge with more practical expertise.\u00a0 I got my certificate for Leadership Coach at the Hungarian Association for Coaching Psychology, and I have developed and improved my skills further at the trainer-training course in order to provide my services for leadership and organization development on high quality. In addition, I have been participating in self-awareness and skill-developing trainings, which helped me learn the methods of facilitating change management and creativity.<\/p>\n<p>In the process of developing and understanding myself I have re-evaluated my life.\u00a0 And after 14 years of working at my previous workplace, I have turned my life around and chose to started my own business. I made this decision which supports my personal values while establishing work-family balance to achieve my professional goals.<\/p>\n<p>Based on my experience in management, organization and development I have acquired during the past years, my aim is to develop my clients who recognize that it is their responsibility to make their life better and who want to do something for their development.<\/p>\n<p>&nbsp;<\/p>\n<p><strong><em>Who can I support in development? <\/em><\/strong><\/p>\n<ul>\n<li>firms, companies<\/li>\n<li>middle-level and top-level Managers, Executives<\/li>\n<\/ul>\n<p><strong><em>Which services can I support their improvement with?<\/em><\/strong><\/p>\n<p>My services:<\/p>\n<ul>\n<li>Business coaching \/ Leadership coaching<\/li>\n<li>HR Consultancy\n<ul>\n<li>Selecting the right candidate for certain positions<\/li>\n<\/ul>\n<\/li>\n<\/ul>\n<p>&nbsp;<\/p>\n<p style=\"text-align: center;\"><em>As a Managing Director of the company would you like to get committed, engaged and loyal employees?<\/em><\/p>\n<p style=\"text-align: center;\"><em>\u00a0Would you like to develop your Managers with creative techniques?<\/em><\/p>\n<p style=\"text-align: center;\"><em>Do you need to find the right people for the right position?<\/em><\/p>\n<p style=\"text-align: center;\"><em>Would you like to get experience in how positive effects change will result in your business and \/or in your life?<\/em><\/p>\n<p>&nbsp;<\/p>","protected":false},"excerpt":{"rendered":"<p>Introduction: My name is Szilvia Moln\u00e1r and I am a Business Coach and HR Consultant. I have gained experience working with multinational manufacturing companies for nearly 15 years, and have worked as an HR Manager supporting an American Managing Director for several years. I graduated at the University of Veszpr\u00e9m as an English teacher, then<a href=\"https:\/\/www.kreativfejlesztes.hu\/en\/rolam\/\">[&#8230;]<\/a><\/p>\n","protected":false},"author":2,"featured_media":0,"parent":0,"menu_order":0,"comment_status":"closed","ping_status":"closed","template":"","meta":[],"acf":[],"yoast_head":"<!-- This site is optimized with the Yoast SEO plugin v19.13 - https:\/\/yoast.com\/wordpress\/plugins\/seo\/ -->\n<title>Introduction - Kreat\u00edv Fejleszt\u00e9s<\/title>\n<meta name=\"robots\" content=\"index, follow, max-snippet:-1, max-image-preview:large, max-video-preview:-1\" \/>\n<link rel=\"canonical\" href=\"https:\/\/www.kreativfejlesztes.hu\/rolam\/\" \/>\n<meta property=\"og:locale\" content=\"en_US\" \/>\n<meta property=\"og:type\" content=\"article\" \/>\n<meta property=\"og:title\" content=\"[:hu]R\u00f3lam[:en]Introduction[:] - Kreat\u00edv Fejleszt\u00e9s\" \/>\n<meta property=\"og:description\" content=\"Introduction: My name is Szilvia Moln\u00e1r and I am a Business Coach and HR Consultant. I have gained experience working with multinational manufacturing companies for nearly 15 years, and have worked as an HR Manager supporting an American Managing Director for several years. I graduated at the University of Veszpr\u00e9m as an English teacher, then[...]\" \/>\n<meta property=\"og:url\" content=\"https:\/\/www.kreativfejlesztes.hu\/rolam\/\" \/>\n<meta property=\"og:site_name\" content=\"Kreat\u00edv Fejleszt\u00e9s\" \/>\n<meta property=\"article:modified_time\" content=\"2016-08-22T11:28:50+00:00\" \/>\n<meta property=\"og:image\" content=\"https:\/\/www.kreativfejlesztes.hu\/wp-content\/uploads\/2016\/01\/2-300x300.png\" \/>\n<meta name=\"twitter:card\" content=\"summary_large_image\" \/>\n<meta name=\"twitter:label1\" content=\"Est. reading time\" \/>\n\t<meta name=\"twitter:data1\" content=\"4 minutes\" \/>\n<script type=\"application\/ld+json\" class=\"yoast-schema-graph\">{\"@context\":\"https:\/\/schema.org\",\"@graph\":[{\"@type\":\"WebPage\",\"@id\":\"https:\/\/www.kreativfejlesztes.hu\/rolam\/\",\"url\":\"https:\/\/www.kreativfejlesztes.hu\/rolam\/\",\"name\":\"[:hu]R\u00f3lam[:en]Introduction[:] - Kreat\u00edv Fejleszt\u00e9s\",\"isPartOf\":{\"@id\":\"https:\/\/www.kreativfejlesztes.hu\/#website\"},\"datePublished\":\"2016-01-12T16:44:18+00:00\",\"dateModified\":\"2016-08-22T11:28:50+00:00\",\"breadcrumb\":{\"@id\":\"https:\/\/www.kreativfejlesztes.hu\/rolam\/#breadcrumb\"},\"inLanguage\":\"en-US\",\"potentialAction\":[{\"@type\":\"ReadAction\",\"target\":[\"https:\/\/www.kreativfejlesztes.hu\/rolam\/\"]}]},{\"@type\":\"BreadcrumbList\",\"@id\":\"https:\/\/www.kreativfejlesztes.hu\/rolam\/#breadcrumb\",\"itemListElement\":[{\"@type\":\"ListItem\",\"position\":1,\"name\":\"Home\",\"item\":\"https:\/\/www.kreativfejlesztes.hu\/\"},{\"@type\":\"ListItem\",\"position\":2,\"name\":\"R\u00f3lam\"}]},{\"@type\":\"WebSite\",\"@id\":\"https:\/\/www.kreativfejlesztes.hu\/#website\",\"url\":\"https:\/\/www.kreativfejlesztes.hu\/\",\"name\":\"Kreat\u00edv Fejleszt\u00e9s\",\"description\":\"\",\"potentialAction\":[{\"@type\":\"SearchAction\",\"target\":{\"@type\":\"EntryPoint\",\"urlTemplate\":\"https:\/\/www.kreativfejlesztes.hu\/?s={search_term_string}\"},\"query-input\":\"required name=search_term_string\"}],\"inLanguage\":\"en-US\"}]}<\/script>\n<!-- \/ Yoast SEO plugin. -->","yoast_head_json":{"title":"[:hu]R\u00f3lam[:en]Introduction[:] - Kreat\u00edv Fejleszt\u00e9s","robots":{"index":"index","follow":"follow","max-snippet":"max-snippet:-1","max-image-preview":"max-image-preview:large","max-video-preview":"max-video-preview:-1"},"canonical":"https:\/\/www.kreativfejlesztes.hu\/rolam\/","og_locale":"en_US","og_type":"article","og_title":"[:hu]R\u00f3lam[:en]Introduction[:] - Kreat\u00edv Fejleszt\u00e9s","og_description":"Introduction: My name is Szilvia Moln\u00e1r and I am a Business Coach and HR Consultant. I have gained experience working with multinational manufacturing companies for nearly 15 years, and have worked as an HR Manager supporting an American Managing Director for several years. I graduated at the University of Veszpr\u00e9m as an English teacher, then[...]","og_url":"https:\/\/www.kreativfejlesztes.hu\/rolam\/","og_site_name":"Kreat\u00edv Fejleszt\u00e9s","article_modified_time":"2016-08-22T11:28:50+00:00","og_image":[{"url":"https:\/\/www.kreativfejlesztes.hu\/wp-content\/uploads\/2016\/01\/2-300x300.png"}],"twitter_card":"summary_large_image","twitter_misc":{"Est. reading time":"4 minutes"},"schema":{"@context":"https:\/\/schema.org","@graph":[{"@type":"WebPage","@id":"https:\/\/www.kreativfejlesztes.hu\/rolam\/","url":"https:\/\/www.kreativfejlesztes.hu\/rolam\/","name":"[:hu]R\u00f3lam[:en]Introduction[:] - Kreat\u00edv Fejleszt\u00e9s","isPartOf":{"@id":"https:\/\/www.kreativfejlesztes.hu\/#website"},"datePublished":"2016-01-12T16:44:18+00:00","dateModified":"2016-08-22T11:28:50+00:00","breadcrumb":{"@id":"https:\/\/www.kreativfejlesztes.hu\/rolam\/#breadcrumb"},"inLanguage":"en-US","potentialAction":[{"@type":"ReadAction","target":["https:\/\/www.kreativfejlesztes.hu\/rolam\/"]}]},{"@type":"BreadcrumbList","@id":"https:\/\/www.kreativfejlesztes.hu\/rolam\/#breadcrumb","itemListElement":[{"@type":"ListItem","position":1,"name":"Home","item":"https:\/\/www.kreativfejlesztes.hu\/"},{"@type":"ListItem","position":2,"name":"R\u00f3lam"}]},{"@type":"WebSite","@id":"https:\/\/www.kreativfejlesztes.hu\/#website","url":"https:\/\/www.kreativfejlesztes.hu\/","name":"Kreat\u00edv Fejleszt\u00e9s","description":"","potentialAction":[{"@type":"SearchAction","target":{"@type":"EntryPoint","urlTemplate":"https:\/\/www.kreativfejlesztes.hu\/?s={search_term_string}"},"query-input":"required name=search_term_string"}],"inLanguage":"en-US"}]}},"_links":{"self":[{"href":"https:\/\/www.kreativfejlesztes.hu\/en\/wp-json\/wp\/v2\/pages\/9"}],"collection":[{"href":"https:\/\/www.kreativfejlesztes.hu\/en\/wp-json\/wp\/v2\/pages"}],"about":[{"href":"https:\/\/www.kreativfejlesztes.hu\/en\/wp-json\/wp\/v2\/types\/page"}],"author":[{"embeddable":true,"href":"https:\/\/www.kreativfejlesztes.hu\/en\/wp-json\/wp\/v2\/users\/2"}],"replies":[{"embeddable":true,"href":"https:\/\/www.kreativfejlesztes.hu\/en\/wp-json\/wp\/v2\/comments?post=9"}],"version-history":[{"count":14,"href":"https:\/\/www.kreativfejlesztes.hu\/en\/wp-json\/wp\/v2\/pages\/9\/revisions"}],"predecessor-version":[{"id":168,"href":"https:\/\/www.kreativfejlesztes.hu\/en\/wp-json\/wp\/v2\/pages\/9\/revisions\/168"}],"wp:attachment":[{"href":"https:\/\/www.kreativfejlesztes.hu\/en\/wp-json\/wp\/v2\/media?parent=9"}],"curies":[{"name":"wp","href":"https:\/\/api.w.org\/{rel}","templated":true}]}}