{"id":17,"date":"2016-01-12T16:45:14","date_gmt":"2016-01-12T16:45:14","guid":{"rendered":"https:\/\/www.kreativfejlesztes.hu\/?page_id=17"},"modified":"2020-10-06T11:57:03","modified_gmt":"2020-10-06T11:57:03","slug":"aktualis-kepzesek","status":"publish","type":"page","link":"https:\/\/www.kreativfejlesztes.hu\/en\/szolgaltatasaim\/aktualis-kepzesek\/","title":{"rendered":"(Magyar) Aktu\u00e1lis k\u00e9pz\u00e9sek"},"content":{"rendered":"<p class=\"qtranxs-available-languages-message qtranxs-available-languages-message-en\">Sorry, this entry is only available in <a href=\"https:\/\/www.kreativfejlesztes.hu\/hu\/wp-json\/wp\/v2\/pages\/17\" class=\"qtranxs-available-language-link qtranxs-available-language-link-hu\" title=\"Magyar\">Hungarian<\/a>.<\/p>","protected":false},"excerpt":{"rendered":"","protected":false},"author":2,"featured_media":0,"parent":11,"menu_order":0,"comment_status":"closed","ping_status":"closed","template":"","meta":[],"acf":[],"yoast_head":"<!-- This site is optimized with the Yoast SEO plugin v19.13 - https:\/\/yoast.com\/wordpress\/plugins\/seo\/ -->\n<title><\/title>\n<meta name=\"robots\" content=\"index, follow, max-snippet:-1, max-image-preview:large, max-video-preview:-1\" \/>\n<link rel=\"canonical\" href=\"https:\/\/www.kreativfejlesztes.hu\/szolgaltatasaim\/aktualis-kepzesek\/\" \/>\n<meta property=\"og:locale\" content=\"en_US\" \/>\n<meta property=\"og:type\" content=\"article\" \/>\n<meta property=\"og:title\" content=\"[:hu]Aktu\u00e1lis k\u00e9pz\u00e9sek[:] - Kreat\u00edv Fejleszt\u00e9s\" \/>\n<meta property=\"og:url\" content=\"https:\/\/www.kreativfejlesztes.hu\/szolgaltatasaim\/aktualis-kepzesek\/\" \/>\n<meta property=\"og:site_name\" content=\"Kreat\u00edv Fejleszt\u00e9s\" \/>\n<meta property=\"article:modified_time\" content=\"2020-10-06T11:57:03+00:00\" \/>\n<meta name=\"twitter:card\" content=\"summary_large_image\" \/>\n<script type=\"application\/ld+json\" class=\"yoast-schema-graph\">{\"@context\":\"https:\/\/schema.org\",\"@graph\":[{\"@type\":\"WebPage\",\"@id\":\"https:\/\/www.kreativfejlesztes.hu\/szolgaltatasaim\/aktualis-kepzesek\/\",\"url\":\"https:\/\/www.kreativfejlesztes.hu\/szolgaltatasaim\/aktualis-kepzesek\/\",\"name\":\"[:hu]Aktu\u00e1lis k\u00e9pz\u00e9sek[:] - Kreat\u00edv Fejleszt\u00e9s\",\"isPartOf\":{\"@id\":\"https:\/\/www.kreativfejlesztes.hu\/#website\"},\"datePublished\":\"2016-01-12T16:45:14+00:00\",\"dateModified\":\"2020-10-06T11:57:03+00:00\",\"breadcrumb\":{\"@id\":\"https:\/\/www.kreativfejlesztes.hu\/szolgaltatasaim\/aktualis-kepzesek\/#breadcrumb\"},\"inLanguage\":\"en-US\",\"potentialAction\":[{\"@type\":\"ReadAction\",\"target\":[\"https:\/\/www.kreativfejlesztes.hu\/szolgaltatasaim\/aktualis-kepzesek\/\"]}]},{\"@type\":\"BreadcrumbList\",\"@id\":\"https:\/\/www.kreativfejlesztes.hu\/szolgaltatasaim\/aktualis-kepzesek\/#breadcrumb\",\"itemListElement\":[{\"@type\":\"ListItem\",\"position\":1,\"name\":\"Home\",\"item\":\"https:\/\/www.kreativfejlesztes.hu\/\"},{\"@type\":\"ListItem\",\"position\":2,\"name\":\"Szolg\u00e1ltat\u00e1saim\",\"item\":\"https:\/\/www.kreativfejlesztes.hu\/szolgaltatasaim\/\"},{\"@type\":\"ListItem\",\"position\":3,\"name\":\"Aktu\u00e1lis k\u00e9pz\u00e9sek\"}]},{\"@type\":\"WebSite\",\"@id\":\"https:\/\/www.kreativfejlesztes.hu\/#website\",\"url\":\"https:\/\/www.kreativfejlesztes.hu\/\",\"name\":\"Kreat\u00edv Fejleszt\u00e9s\",\"description\":\"\",\"potentialAction\":[{\"@type\":\"SearchAction\",\"target\":{\"@type\":\"EntryPoint\",\"urlTemplate\":\"https:\/\/www.kreativfejlesztes.hu\/?s={search_term_string}\"},\"query-input\":\"required name=search_term_string\"}],\"inLanguage\":\"en-US\"}]}<\/script>\n<!-- \/ Yoast SEO plugin. -->","yoast_head_json":{"title":"[:hu]Aktu\u00e1lis k\u00e9pz\u00e9sek[:] - Kreat\u00edv Fejleszt\u00e9s","robots":{"index":"index","follow":"follow","max-snippet":"max-snippet:-1","max-image-preview":"max-image-preview:large","max-video-preview":"max-video-preview:-1"},"canonical":"https:\/\/www.kreativfejlesztes.hu\/szolgaltatasaim\/aktualis-kepzesek\/","og_locale":"en_US","og_type":"article","og_title":"[:hu]Aktu\u00e1lis k\u00e9pz\u00e9sek[:] - Kreat\u00edv Fejleszt\u00e9s","og_url":"https:\/\/www.kreativfejlesztes.hu\/szolgaltatasaim\/aktualis-kepzesek\/","og_site_name":"Kreat\u00edv Fejleszt\u00e9s","article_modified_time":"2020-10-06T11:57:03+00:00","twitter_card":"summary_large_image","schema":{"@context":"https:\/\/schema.org","@graph":[{"@type":"WebPage","@id":"https:\/\/www.kreativfejlesztes.hu\/szolgaltatasaim\/aktualis-kepzesek\/","url":"https:\/\/www.kreativfejlesztes.hu\/szolgaltatasaim\/aktualis-kepzesek\/","name":"[:hu]Aktu\u00e1lis k\u00e9pz\u00e9sek[:] - Kreat\u00edv Fejleszt\u00e9s","isPartOf":{"@id":"https:\/\/www.kreativfejlesztes.hu\/#website"},"datePublished":"2016-01-12T16:45:14+00:00","dateModified":"2020-10-06T11:57:03+00:00","breadcrumb":{"@id":"https:\/\/www.kreativfejlesztes.hu\/szolgaltatasaim\/aktualis-kepzesek\/#breadcrumb"},"inLanguage":"en-US","potentialAction":[{"@type":"ReadAction","target":["https:\/\/www.kreativfejlesztes.hu\/szolgaltatasaim\/aktualis-kepzesek\/"]}]},{"@type":"BreadcrumbList","@id":"https:\/\/www.kreativfejlesztes.hu\/szolgaltatasaim\/aktualis-kepzesek\/#breadcrumb","itemListElement":[{"@type":"ListItem","position":1,"name":"Home","item":"https:\/\/www.kreativfejlesztes.hu\/"},{"@type":"ListItem","position":2,"name":"Szolg\u00e1ltat\u00e1saim","item":"https:\/\/www.kreativfejlesztes.hu\/szolgaltatasaim\/"},{"@type":"ListItem","position":3,"name":"Aktu\u00e1lis k\u00e9pz\u00e9sek"}]},{"@type":"WebSite","@id":"https:\/\/www.kreativfejlesztes.hu\/#website","url":"https:\/\/www.kreativfejlesztes.hu\/","name":"Kreat\u00edv Fejleszt\u00e9s","description":"","potentialAction":[{"@type":"SearchAction","target":{"@type":"EntryPoint","urlTemplate":"https:\/\/www.kreativfejlesztes.hu\/?s={search_term_string}"},"query-input":"required name=search_term_string"}],"inLanguage":"en-US"}]}},"_links":{"self":[{"href":"https:\/\/www.kreativfejlesztes.hu\/en\/wp-json\/wp\/v2\/pages\/17"}],"collection":[{"href":"https:\/\/www.kreativfejlesztes.hu\/en\/wp-json\/wp\/v2\/pages"}],"about":[{"href":"https:\/\/www.kreativfejlesztes.hu\/en\/wp-json\/wp\/v2\/types\/page"}],"author":[{"embeddable":true,"href":"https:\/\/www.kreativfejlesztes.hu\/en\/wp-json\/wp\/v2\/users\/2"}],"replies":[{"embeddable":true,"href":"https:\/\/www.kreativfejlesztes.hu\/en\/wp-json\/wp\/v2\/comments?post=17"}],"version-history":[{"count":38,"href":"https:\/\/www.kreativfejlesztes.hu\/en\/wp-json\/wp\/v2\/pages\/17\/revisions"}],"predecessor-version":[{"id":506,"href":"https:\/\/www.kreativfejlesztes.hu\/en\/wp-json\/wp\/v2\/pages\/17\/revisions\/506"}],"up":[{"embeddable":true,"href":"https:\/\/www.kreativfejlesztes.hu\/en\/wp-json\/wp\/v2\/pages\/11"}],"wp:attachment":[{"href":"https:\/\/www.kreativfejlesztes.hu\/en\/wp-json\/wp\/v2\/media?parent=17"}],"curies":[{"name":"wp","href":"https:\/\/api.w.org\/{rel}","templated":true}]}}